{"id":2,"date":"2025-05-05T15:56:18","date_gmt":"2025-05-05T15:56:18","guid":{"rendered":"https:\/\/simsaind.com\/?page_id=2"},"modified":"2025-08-06T20:34:09","modified_gmt":"2025-08-06T20:34:09","slug":"quienes-somos","status":"publish","type":"page","link":"https:\/\/simsaind.com\/index.php\/inicio-2\/quienes-somos\/","title":{"rendered":"Quienes somos"},"content":{"rendered":"\t\t<div data-elementor-type=\"wp-page\" data-elementor-id=\"2\" class=\"elementor elementor-2\" data-elementor-post-type=\"page\">\n\t\t\t\t<div class=\"elementor-element elementor-element-4777077f e-flex e-con-boxed e-con e-parent\" data-id=\"4777077f\" data-element_type=\"container\">\n\t\t\t\t\t<div class=\"e-con-inner\">\n\t\t\t\t<div class=\"elementor-element elementor-element-588a9ccf de_scroll_animation_no elementor-widget elementor-widget-text-editor\" data-id=\"588a9ccf\" data-element_type=\"widget\" data-widget_type=\"text-editor.default\">\n\t\t\t\t<div class=\"elementor-widget-container\">\n\t\t\t\t\t\t\t\t\t<p><span class=\"fontstyle0\">Servicios Industriales y Manufactura S.A. de C.V. <\/span><span class=\"fontstyle2\">es una empresa que nace a partir de las necesidades que tienen las empresas dentro del ramo Industrial Manufacturero y se da a la tarea de brindar sus servicios de mantenimiento general, logrando as\u00ed la confianza de sus clientes por la calidad, y profesionalismo que su personal desempe\u00f1a dentro y fuera de sus instalaciones.<\/span><\/p>\n<p>\u00a0<\/p>\n<p><span class=\"fontstyle2\">Es as\u00ed que nuestra empresa se compromete con los clientes para cumplir y mejorar sus problemas industriales de manufactura u otro tipo metal-mec\u00e1nico que surjan dentro de su empresa e instalaciones seg\u00fan como se requiera y es ah\u00ed donde nosotros entramos a planear, organizar y ejecutar profesionalmente las necesidades de nuestros clientes.<\/span><\/p>\t\t\t\t\t\t\t\t<\/div>\n\t\t\t\t<\/div>\n\t\t\t\t\t<\/div>\n\t\t\t\t<\/div>\n\t\t<div class=\"elementor-element elementor-element-c263308 e-flex e-con-boxed e-con e-parent\" data-id=\"c263308\" data-element_type=\"container\">\n\t\t\t\t\t<div class=\"e-con-inner\">\n\t\t<div class=\"elementor-element elementor-element-df641c2 e-con-full e-flex e-con e-child\" data-id=\"df641c2\" data-element_type=\"container\">\n\t\t\t\t<div class=\"elementor-element elementor-element-57f74ac de_scroll_animation_no elementor-widget elementor-widget-heading\" data-id=\"57f74ac\" data-element_type=\"widget\" data-widget_type=\"heading.default\">\n\t\t\t\t<div class=\"elementor-widget-container\">\n\t\t\t\t\t<h4 class=\"elementor-heading-title elementor-size-default\">Misi\u00f3n<\/h4>\t\t\t\t<\/div>\n\t\t\t\t<\/div>\n\t\t\t\t<div class=\"elementor-element elementor-element-2e617ff de_scroll_animation_no elementor-widget elementor-widget-text-editor\" data-id=\"2e617ff\" data-element_type=\"widget\" data-widget_type=\"text-editor.default\">\n\t\t\t\t<div class=\"elementor-widget-container\">\n\t\t\t\t\t\t\t\t\t<p><span class=\"fontstyle0\">Somos una empresa comprometida para brindar nuestros servicios a nuestros clientes dentro del mercado de mantenimiento industrial manufacturero. Satisfacemos sus necesidades con un precio accesible dentro y fuera de sus instalaciones.<\/span> <\/p>\t\t\t\t\t\t\t\t<\/div>\n\t\t\t\t<\/div>\n\t\t\t\t<\/div>\n\t\t<div class=\"elementor-element elementor-element-d0f8619 e-con-full e-flex e-con e-child\" data-id=\"d0f8619\" data-element_type=\"container\">\n\t\t\t\t<div class=\"elementor-element elementor-element-5bf9e44 de_scroll_animation_no elementor-widget elementor-widget-heading\" data-id=\"5bf9e44\" data-element_type=\"widget\" data-widget_type=\"heading.default\">\n\t\t\t\t<div class=\"elementor-widget-container\">\n\t\t\t\t\t<h4 class=\"elementor-heading-title elementor-size-default\">Visi\u00f3n<\/h4>\t\t\t\t<\/div>\n\t\t\t\t<\/div>\n\t\t\t\t<div class=\"elementor-element elementor-element-047d712 de_scroll_animation_no elementor-widget elementor-widget-text-editor\" data-id=\"047d712\" data-element_type=\"widget\" data-widget_type=\"text-editor.default\">\n\t\t\t\t<div class=\"elementor-widget-container\">\n\t\t\t\t\t\t\t\t\t<p><span class=\"fontstyle0\">Llegar a ser una empresa que cumpla con los lineamientos y compromisos adquiridos en los servicios, para llegar a tener una buena competitividad.<\/span><\/p>\t\t\t\t\t\t\t\t<\/div>\n\t\t\t\t<\/div>\n\t\t\t\t<\/div>\n\t\t<div class=\"elementor-element elementor-element-9deaf32 e-con-full e-flex e-con e-child\" data-id=\"9deaf32\" data-element_type=\"container\">\n\t\t\t\t<div class=\"elementor-element elementor-element-04d8f48 de_scroll_animation_no elementor-widget elementor-widget-heading\" data-id=\"04d8f48\" data-element_type=\"widget\" data-widget_type=\"heading.default\">\n\t\t\t\t<div class=\"elementor-widget-container\">\n\t\t\t\t\t<h4 class=\"elementor-heading-title elementor-size-default\">Valores<\/h4>\t\t\t\t<\/div>\n\t\t\t\t<\/div>\n\t\t\t\t<div class=\"elementor-element elementor-element-efb3dbc de_scroll_animation_no elementor-widget elementor-widget-text-editor\" data-id=\"efb3dbc\" data-element_type=\"widget\" data-widget_type=\"text-editor.default\">\n\t\t\t\t<div class=\"elementor-widget-container\">\n\t\t\t\t\t\t\t\t\t<p>\u00a0<span class=\"fontstyle0\">Puntualidad, Seguridad, Respeto, Confianza, Honestidad, Calidad, Econom\u00eda.<\/span> <\/p>\t\t\t\t\t\t\t\t<\/div>\n\t\t\t\t<\/div>\n\t\t\t\t<\/div>\n\t\t\t\t\t<\/div>\n\t\t\t\t<\/div>\n\t\t<div class=\"elementor-element elementor-element-9e3e22c e-flex e-con-boxed e-con e-parent\" data-id=\"9e3e22c\" data-element_type=\"container\">\n\t\t\t\t\t<div class=\"e-con-inner\">\n\t\t\t\t\t<\/div>\n\t\t\t\t<\/div>\n\t\t\t\t<\/div>\n\t\t","protected":false},"excerpt":{"rendered":"<p>Servicios Industriales y Manufactura S.A. de C.V. es una empresa que nace a partir de las necesidades que tienen las empresas dentro del ramo Industrial Manufacturero y se da a la tarea de brindar sus servicios de mantenimiento general, logrando as\u00ed la confianza de sus clientes por la calidad, y profesionalismo que su personal desempe\u00f1a [&hellip;]<\/p>\n","protected":false},"author":1,"featured_media":0,"parent":26,"menu_order":0,"comment_status":"closed","ping_status":"closed","template":"elementor_theme","meta":{"footnotes":""},"class_list":["post-2","page","type-page","status-publish","hentry"],"_links":{"self":[{"href":"https:\/\/simsaind.com\/index.php\/wp-json\/wp\/v2\/pages\/2","targetHints":{"allow":["GET"]}}],"collection":[{"href":"https:\/\/simsaind.com\/index.php\/wp-json\/wp\/v2\/pages"}],"about":[{"href":"https:\/\/simsaind.com\/index.php\/wp-json\/wp\/v2\/types\/page"}],"author":[{"embeddable":true,"href":"https:\/\/simsaind.com\/index.php\/wp-json\/wp\/v2\/users\/1"}],"replies":[{"embeddable":true,"href":"https:\/\/simsaind.com\/index.php\/wp-json\/wp\/v2\/comments?post=2"}],"version-history":[{"count":5,"href":"https:\/\/simsaind.com\/index.php\/wp-json\/wp\/v2\/pages\/2\/revisions"}],"predecessor-version":[{"id":370,"href":"https:\/\/simsaind.com\/index.php\/wp-json\/wp\/v2\/pages\/2\/revisions\/370"}],"up":[{"embeddable":true,"href":"https:\/\/simsaind.com\/index.php\/wp-json\/wp\/v2\/pages\/26"}],"wp:attachment":[{"href":"https:\/\/simsaind.com\/index.php\/wp-json\/wp\/v2\/media?parent=2"}],"curies":[{"name":"wp","href":"https:\/\/api.w.org\/{rel}","templated":true}]}}